{"id":3044,"date":"2022-08-04T13:02:12","date_gmt":"2022-08-04T11:02:12","guid":{"rendered":"https:\/\/scpmakakpo.com\/?page_id=3044"},"modified":"2022-08-27T16:50:47","modified_gmt":"2022-08-27T14:50:47","slug":"mentions-legales","status":"publish","type":"page","link":"https:\/\/scpmakakpo.com\/en\/mentions-legales\/","title":{"rendered":"LEGAL NOTICE"},"content":{"rendered":"<div data-elementor-type=\"wp-page\" data-elementor-id=\"3044\" class=\"elementor elementor-3044\" data-elementor-post-type=\"page\">\n\t\t\t\t\t\t<section class=\"elementor-section elementor-top-section elementor-element elementor-element-c171bf3 elementor-section-boxed elementor-section-height-default elementor-section-height-default\" data-id=\"c171bf3\" data-element_type=\"section\" data-settings=\"{&quot;background_background&quot;:&quot;classic&quot;}\">\n\t\t\t\t\t\t<div class=\"elementor-container elementor-column-gap-default\">\n\t\t\t\t\t<div class=\"elementor-column elementor-col-100 elementor-top-column elementor-element elementor-element-26af57f\" data-id=\"26af57f\" data-element_type=\"column\">\n\t\t\t<div class=\"elementor-widget-wrap elementor-element-populated\">\n\t\t\t\t\t\t<div class=\"elementor-element elementor-element-70c1ff2 de_scroll_animation_no elementor-widget elementor-widget-heading\" data-id=\"70c1ff2\" data-element_type=\"widget\" data-widget_type=\"heading.default\">\n\t\t\t\t<div class=\"elementor-widget-container\">\n\t\t\t\t\t<h2 class=\"elementor-heading-title elementor-size-default\">LEGAL NOTICE<\/h2>\t\t\t\t<\/div>\n\t\t\t\t<\/div>\n\t\t\t\t<div class=\"elementor-element elementor-element-dd5b0b1 elementor-widget__width-initial elementor-widget-mobile__width-initial elementor-hidden-desktop elementor-hidden-tablet elementor-hidden-mobile de_scroll_animation_no elementor-widget elementor-widget-heading\" data-id=\"dd5b0b1\" data-element_type=\"widget\" data-widget_type=\"heading.default\">\n\t\t\t\t<div class=\"elementor-widget-container\">\n\t\t\t\t\t<h2 class=\"elementor-heading-title elementor-size-default\">Lorem ipsum dolor sit amet, consectetur adipiscing elit. Arcu nibh turpis vitae orci, ac. Ornare mauris fusce urna egestas ullamcorper viverra a. Egestas cursus tristique morbi semper aliquam tellus. <\/h2>\t\t\t\t<\/div>\n\t\t\t\t<\/div>\n\t\t\t\t\t<\/div>\n\t\t<\/div>\n\t\t\t\t\t<\/div>\n\t\t<\/section>\n\t\t\t\t<section class=\"elementor-section elementor-top-section elementor-element elementor-element-ec52da5 elementor-section-boxed elementor-section-height-default elementor-section-height-default\" data-id=\"ec52da5\" data-element_type=\"section\">\n\t\t\t\t\t\t<div class=\"elementor-container elementor-column-gap-default\">\n\t\t\t\t\t<div class=\"elementor-column elementor-col-100 elementor-top-column elementor-element elementor-element-38444f1\" data-id=\"38444f1\" data-element_type=\"column\">\n\t\t\t<div class=\"elementor-widget-wrap elementor-element-populated\">\n\t\t\t\t\t\t<div class=\"elementor-element elementor-element-b0809cc de_scroll_animation_no elementor-widget elementor-widget-heading\" data-id=\"b0809cc\" data-element_type=\"widget\" data-widget_type=\"heading.default\">\n\t\t\t\t<div class=\"elementor-widget-container\">\n\t\t\t\t\t<h3 class=\"elementor-heading-title elementor-size-default\">PERSONAL DATA<\/h3>\t\t\t\t<\/div>\n\t\t\t\t<\/div>\n\t\t\t\t<div class=\"elementor-element elementor-element-8de0940 elementor-widget-divider--view-line de_scroll_animation_no elementor-widget elementor-widget-divider\" data-id=\"8de0940\" data-element_type=\"widget\" data-widget_type=\"divider.default\">\n\t\t\t\t<div class=\"elementor-widget-container\">\n\t\t\t\t\t\t\t<div class=\"elementor-divider\">\n\t\t\t<span class=\"elementor-divider-separator\">\n\t\t\t\t\t\t<\/span>\n\t\t<\/div>\n\t\t\t\t\t\t<\/div>\n\t\t\t\t<\/div>\n\t\t\t\t<div class=\"elementor-element elementor-element-5fcff0c elementor-widget-divider--view-line de_scroll_animation_no elementor-widget elementor-widget-divider\" data-id=\"5fcff0c\" data-element_type=\"widget\" data-widget_type=\"divider.default\">\n\t\t\t\t<div class=\"elementor-widget-container\">\n\t\t\t\t\t\t\t<div class=\"elementor-divider\">\n\t\t\t<span class=\"elementor-divider-separator\">\n\t\t\t\t\t\t<\/span>\n\t\t<\/div>\n\t\t\t\t\t\t<\/div>\n\t\t\t\t<\/div>\n\t\t\t\t<div class=\"elementor-element elementor-element-5704250 de_scroll_animation_no elementor-widget elementor-widget-text-editor\" data-id=\"5704250\" data-element_type=\"widget\" data-widget_type=\"text-editor.default\">\n\t\t\t\t<div class=\"elementor-widget-container\">\n\t\t\t\t\t\t\t\t\tIn the course of its activities, the Firm collects and processes personal data relating to contacts, clients and partners. In the interests of fairness and transparency, the Firm takes care to inform the above-mentioned data subjects of all the processing carried out by means of information notices. We ensure that all data are collected fairly. No data are collected without the knowledge and consent of the data subject.   The Firm processes data for specific purposes: data are always processed for legitimate, specified and explicit purposes. For all processing activities, the Firm undertakes to collect and use only those data that are adequate, relevant and limited to what is necessary for the purposes for which they are processed. The Firm ensures that data are updated and implements processes for the erasure and correction of inaccurate data.   The data concerned are:\u00a0\n<ul>\n \t<li >Identification data of data subjects;<\/li>\n \t<li >Data concerning the data subject\u2019s professional situation;<\/li>\n \t<li >Economic and financial data;<\/li>\n \t<li >Recordings of video-conferences and webinars organised by the Firm;<\/li>\n \t<li >Content of exchanges with the Firm.<\/li>\n<\/ul>\nIn processing data, the Firm complies with the following provisions:\u00a0\n<ul>\n \t<li >The Togolese Act No. 2019-014 of 29 October 2019 on the protection of personal data and its implementing decrees and\u00a0<\/li>\n \t<li >The Supplementary Act A\/SA.1\/01\/10 on Personal Data Protection within ECOWAS of 16 February 2010\u00a0<\/li>\n \t<li>The African Union Convention on Cyber Security and Personal Data Protection of 27 June 2014 and other legislation in force.<\/li>\n<\/ul>\nThe Firm carries out data processing on the following legal bases:\n<ul>\n \t<li>Performance of a contract or pre-contractual measures taken at the request of clients;<\/li>\n \t<li>Fulfilment of our statutory and regulatory obligations;<\/li>\n \t<li >Participant consent for recordings;<\/li>\n \t<li>Organisation and running of events requiring prior enrolment.<\/li>\n<\/ul>\nData collected are transferred and\/or retained in accordance with applicable regulations.\t\t\t\t\t\t\t\t<\/div>\n\t\t\t\t<\/div>\n\t\t\t\t\t<\/div>\n\t\t<\/div>\n\t\t\t\t\t<\/div>\n\t\t<\/section>\n\t\t\t\t<\/div>","protected":false},"excerpt":{"rendered":"<p>Mentions l\u00e9gales Lorem ipsum dolor sit amet, consectetur adipiscing elit. Arcu nibh turpis vitae orci, ac. Ornare mauris fusce urna egestas ullamcorper viverra a. Egestas cursus tristique morbi semper aliquam tellus. Donn\u00e9es personnelles Le Cabinet est amen\u00e9, dans le cadre de son activit\u00e9, \u00e0 collecter et \u00e0 traiter des donn\u00e9es \u00e0 caract\u00e8re personnel relatives aux [&hellip;]<\/p>","protected":false},"author":3,"featured_media":0,"parent":0,"menu_order":0,"comment_status":"closed","ping_status":"closed","template":"","meta":{"_acf_changed":false,"inline_featured_image":false,"footnotes":""},"class_list":["post-3044","page","type-page","status-publish","hentry"],"acf":[],"yoast_head":"<!-- This site is optimized with the Yoast SEO plugin v26.5 - https:\/\/yoast.com\/wordpress\/plugins\/seo\/ -->\n<title>Mentions l\u00e9gales - MARTIAL AKAKPO &amp; Associ\u00e9s<\/title>\n<meta name=\"robots\" content=\"index, follow, max-snippet:-1, max-image-preview:large, max-video-preview:-1\" \/>\n<link rel=\"canonical\" href=\"http:\/\/scpmakakpo.com\/en\/mentions-legales\/\" \/>\n<meta property=\"og:locale\" content=\"en_US\" \/>\n<meta property=\"og:type\" content=\"article\" \/>\n<meta property=\"og:title\" content=\"Mentions l\u00e9gales - MARTIAL AKAKPO &amp; Associ\u00e9s\" \/>\n<meta property=\"og:description\" content=\"Mentions l\u00e9gales Lorem ipsum dolor sit amet, consectetur adipiscing elit. Arcu nibh turpis vitae orci, ac. Ornare mauris fusce urna egestas ullamcorper viverra a. Egestas cursus tristique morbi semper aliquam tellus. Donn\u00e9es personnelles Le Cabinet est amen\u00e9, dans le cadre de son activit\u00e9, \u00e0 collecter et \u00e0 traiter des donn\u00e9es \u00e0 caract\u00e8re personnel relatives aux [&hellip;]\" \/>\n<meta property=\"og:url\" content=\"http:\/\/scpmakakpo.com\/en\/mentions-legales\/\" \/>\n<meta property=\"og:site_name\" content=\"MARTIAL AKAKPO &amp; Associ\u00e9s\" \/>\n<meta property=\"article:modified_time\" content=\"2022-08-27T14:50:47+00:00\" \/>\n<meta name=\"twitter:card\" content=\"summary_large_image\" \/>\n<meta name=\"twitter:label1\" content=\"Est. reading time\" \/>\n\t<meta name=\"twitter:data1\" content=\"2 minutes\" \/>\n<script type=\"application\/ld+json\" class=\"yoast-schema-graph\">{\"@context\":\"https:\/\/schema.org\",\"@graph\":[{\"@type\":\"WebPage\",\"@id\":\"http:\/\/scpmakakpo.com\/mentions-legales\/\",\"url\":\"http:\/\/scpmakakpo.com\/mentions-legales\/\",\"name\":\"Mentions l\u00e9gales - MARTIAL AKAKPO &amp; Associ\u00e9s\",\"isPartOf\":{\"@id\":\"http:\/\/scpmakakpo.com\/en\/#website\"},\"datePublished\":\"2022-08-04T11:02:12+00:00\",\"dateModified\":\"2022-08-27T14:50:47+00:00\",\"breadcrumb\":{\"@id\":\"http:\/\/scpmakakpo.com\/mentions-legales\/#breadcrumb\"},\"inLanguage\":\"en-US\",\"potentialAction\":[{\"@type\":\"ReadAction\",\"target\":[\"http:\/\/scpmakakpo.com\/mentions-legales\/\"]}]},{\"@type\":\"BreadcrumbList\",\"@id\":\"http:\/\/scpmakakpo.com\/mentions-legales\/#breadcrumb\",\"itemListElement\":[{\"@type\":\"ListItem\",\"position\":1,\"name\":\"Accueil\",\"item\":\"http:\/\/scpmakakpo.com\/en\/\"},{\"@type\":\"ListItem\",\"position\":2,\"name\":\"Mentions l\u00e9gales\"}]},{\"@type\":\"WebSite\",\"@id\":\"http:\/\/scpmakakpo.com\/en\/#website\",\"url\":\"http:\/\/scpmakakpo.com\/en\/\",\"name\":\"MARTIAL AKAKPO &amp; Associ\u00e9s\",\"description\":\"Societe D&#039;avocats - Law Firm\",\"publisher\":{\"@id\":\"http:\/\/scpmakakpo.com\/en\/#organization\"},\"potentialAction\":[{\"@type\":\"SearchAction\",\"target\":{\"@type\":\"EntryPoint\",\"urlTemplate\":\"http:\/\/scpmakakpo.com\/en\/?s={search_term_string}\"},\"query-input\":{\"@type\":\"PropertyValueSpecification\",\"valueRequired\":true,\"valueName\":\"search_term_string\"}}],\"inLanguage\":\"en-US\"},{\"@type\":\"Organization\",\"@id\":\"http:\/\/scpmakakpo.com\/en\/#organization\",\"name\":\"MARTIAL AKAKPO & Associ\u00e9s\",\"url\":\"http:\/\/scpmakakpo.com\/en\/\",\"logo\":{\"@type\":\"ImageObject\",\"inLanguage\":\"en-US\",\"@id\":\"http:\/\/scpmakakpo.com\/en\/#\/schema\/logo\/image\/\",\"url\":\"http:\/\/scpmakakpo.com\/wp-content\/uploads\/2022\/03\/MARTIAL-AKAKPO-LOGO_.svg\",\"contentUrl\":\"http:\/\/scpmakakpo.com\/wp-content\/uploads\/2022\/03\/MARTIAL-AKAKPO-LOGO_.svg\",\"width\":90,\"height\":44,\"caption\":\"MARTIAL AKAKPO & Associ\u00e9s\"},\"image\":{\"@id\":\"http:\/\/scpmakakpo.com\/en\/#\/schema\/logo\/image\/\"},\"sameAs\":[\"https:\/\/www.linkedin.com\/company\/martial-akakpo-associes-law-firm\/\"]}]}<\/script>\n<!-- \/ Yoast SEO plugin. -->","yoast_head_json":{"title":"Mentions l\u00e9gales - MARTIAL AKAKPO &amp; Associ\u00e9s","robots":{"index":"index","follow":"follow","max-snippet":"max-snippet:-1","max-image-preview":"max-image-preview:large","max-video-preview":"max-video-preview:-1"},"canonical":"http:\/\/scpmakakpo.com\/en\/mentions-legales\/","og_locale":"en_US","og_type":"article","og_title":"Mentions l\u00e9gales - MARTIAL AKAKPO &amp; Associ\u00e9s","og_description":"Mentions l\u00e9gales Lorem ipsum dolor sit amet, consectetur adipiscing elit. Arcu nibh turpis vitae orci, ac. Ornare mauris fusce urna egestas ullamcorper viverra a. Egestas cursus tristique morbi semper aliquam tellus. Donn\u00e9es personnelles Le Cabinet est amen\u00e9, dans le cadre de son activit\u00e9, \u00e0 collecter et \u00e0 traiter des donn\u00e9es \u00e0 caract\u00e8re personnel relatives aux [&hellip;]","og_url":"http:\/\/scpmakakpo.com\/en\/mentions-legales\/","og_site_name":"MARTIAL AKAKPO &amp; Associ\u00e9s","article_modified_time":"2022-08-27T14:50:47+00:00","twitter_card":"summary_large_image","twitter_misc":{"Est. reading time":"2 minutes"},"schema":{"@context":"https:\/\/schema.org","@graph":[{"@type":"WebPage","@id":"http:\/\/scpmakakpo.com\/mentions-legales\/","url":"http:\/\/scpmakakpo.com\/mentions-legales\/","name":"Mentions l\u00e9gales - MARTIAL AKAKPO &amp; Associ\u00e9s","isPartOf":{"@id":"http:\/\/scpmakakpo.com\/en\/#website"},"datePublished":"2022-08-04T11:02:12+00:00","dateModified":"2022-08-27T14:50:47+00:00","breadcrumb":{"@id":"http:\/\/scpmakakpo.com\/mentions-legales\/#breadcrumb"},"inLanguage":"en-US","potentialAction":[{"@type":"ReadAction","target":["http:\/\/scpmakakpo.com\/mentions-legales\/"]}]},{"@type":"BreadcrumbList","@id":"http:\/\/scpmakakpo.com\/mentions-legales\/#breadcrumb","itemListElement":[{"@type":"ListItem","position":1,"name":"Accueil","item":"http:\/\/scpmakakpo.com\/en\/"},{"@type":"ListItem","position":2,"name":"Mentions l\u00e9gales"}]},{"@type":"WebSite","@id":"http:\/\/scpmakakpo.com\/en\/#website","url":"http:\/\/scpmakakpo.com\/en\/","name":"MARTIAL AKAKPO &amp; Associ\u00e9s","description":"Societe D&#039;avocats - Law Firm","publisher":{"@id":"http:\/\/scpmakakpo.com\/en\/#organization"},"potentialAction":[{"@type":"SearchAction","target":{"@type":"EntryPoint","urlTemplate":"http:\/\/scpmakakpo.com\/en\/?s={search_term_string}"},"query-input":{"@type":"PropertyValueSpecification","valueRequired":true,"valueName":"search_term_string"}}],"inLanguage":"en-US"},{"@type":"Organization","@id":"http:\/\/scpmakakpo.com\/en\/#organization","name":"MARTIAL AKAKPO & Associ\u00e9s","url":"http:\/\/scpmakakpo.com\/en\/","logo":{"@type":"ImageObject","inLanguage":"en-US","@id":"http:\/\/scpmakakpo.com\/en\/#\/schema\/logo\/image\/","url":"http:\/\/scpmakakpo.com\/wp-content\/uploads\/2022\/03\/MARTIAL-AKAKPO-LOGO_.svg","contentUrl":"http:\/\/scpmakakpo.com\/wp-content\/uploads\/2022\/03\/MARTIAL-AKAKPO-LOGO_.svg","width":90,"height":44,"caption":"MARTIAL AKAKPO & Associ\u00e9s"},"image":{"@id":"http:\/\/scpmakakpo.com\/en\/#\/schema\/logo\/image\/"},"sameAs":["https:\/\/www.linkedin.com\/company\/martial-akakpo-associes-law-firm\/"]}]}},"_links":{"self":[{"href":"https:\/\/scpmakakpo.com\/en\/wp-json\/wp\/v2\/pages\/3044","targetHints":{"allow":["GET"]}}],"collection":[{"href":"https:\/\/scpmakakpo.com\/en\/wp-json\/wp\/v2\/pages"}],"about":[{"href":"https:\/\/scpmakakpo.com\/en\/wp-json\/wp\/v2\/types\/page"}],"author":[{"embeddable":true,"href":"https:\/\/scpmakakpo.com\/en\/wp-json\/wp\/v2\/users\/3"}],"replies":[{"embeddable":true,"href":"https:\/\/scpmakakpo.com\/en\/wp-json\/wp\/v2\/comments?post=3044"}],"version-history":[{"count":3,"href":"https:\/\/scpmakakpo.com\/en\/wp-json\/wp\/v2\/pages\/3044\/revisions"}],"predecessor-version":[{"id":3603,"href":"https:\/\/scpmakakpo.com\/en\/wp-json\/wp\/v2\/pages\/3044\/revisions\/3603"}],"wp:attachment":[{"href":"https:\/\/scpmakakpo.com\/en\/wp-json\/wp\/v2\/media?parent=3044"}],"curies":[{"name":"wp","href":"https:\/\/api.w.org\/{rel}","templated":true}]}}